{"id":439,"date":"2020-11-19T16:56:35","date_gmt":"2020-11-19T15:56:35","guid":{"rendered":"http:\/\/locationcorsevillatarrazza.com\/?page_id=439"},"modified":"2020-11-27T15:55:11","modified_gmt":"2020-11-27T14:55:11","slug":"nous-contacter","status":"publish","type":"page","link":"https:\/\/locationcorsevillatarrazza.com\/index.php\/nous-contacter\/","title":{"rendered":"Nous contacter"},"content":{"rendered":"<p>[et_pb_section fb_built=\u00a0\u00bb1&Prime; _builder_version=\u00a0\u00bb4.7.2&Prime; _module_preset=\u00a0\u00bbdefault\u00a0\u00bb][et_pb_row use_custom_gutter=\u00a0\u00bbon\u00a0\u00bb _builder_version=\u00a0\u00bb4.7.2&Prime; _module_preset=\u00a0\u00bbdefault\u00a0\u00bb background_image=\u00a0\u00bbhttp:\/\/locationcorsevillatarrazza.com\/wp-content\/uploads\/2020\/11\/terrasse-scaled.jpg\u00a0\u00bb custom_margin=\u00a0\u00bb-36px|auto|4px|auto|false|false\u00a0\u00bb custom_padding=\u00a0\u00bb||15px|||\u00a0\u00bb][et_pb_column type=\u00a0\u00bb4_4&Prime; _builder_version=\u00a0\u00bb4.7.2&Prime; _module_preset=\u00a0\u00bbdefault\u00a0\u00bb custom_padding=\u00a0\u00bb||120px||false|false\u00a0\u00bb][et_pb_text _builder_version=\u00a0\u00bb4.7.2&Prime; _module_preset=\u00a0\u00bbdefault\u00a0\u00bb text_font_size=\u00a0\u00bb18px\u00a0\u00bb min_height=\u00a0\u00bb53px\u00a0\u00bb custom_padding=\u00a0\u00bb||0px|||\u00a0\u00bb]<\/p>\n<p style=\"text-align: center;\"><span style=\"color: #ffffff;\"><strong>Besoin d&rsquo;un renseignement ?\u00a0Envie de r\u00e9server ?<\/strong><\/span><\/p>\n<p style=\"text-align: center;\"><span style=\"color: #ffffff;\"><strong>Contactez-nous !<\/strong><\/span><\/p>\n<p>[\/et_pb_text][et_pb_text _builder_version=\u00a0\u00bb4.7.3&Prime; _module_preset=\u00a0\u00bbdefault\u00a0\u00bb hover_enabled=\u00a0\u00bb0&Prime; sticky_enabled=\u00a0\u00bb0&Prime; text_text_color=\u00a0\u00bb#ffffff\u00a0\u00bb text_font_size=\u00a0\u00bb32px\u00a0\u00bb custom_margin=\u00a0\u00bb8%||||false|false\u00a0\u00bb]<\/p>\n<p style=\"text-align: center;\"><strong>villa.tarrazza@gmail.com<\/strong><\/p>\n<p>[\/et_pb_text][\/et_pb_column][\/et_pb_row][et_pb_row _builder_version=\u00a0\u00bb4.7.2&Prime; _module_preset=\u00a0\u00bbdefault\u00a0\u00bb min_height=\u00a0\u00bb375px\u00a0\u00bb][et_pb_column type=\u00a0\u00bb4_4&Prime; _builder_version=\u00a0\u00bb4.7.2&Prime; _module_preset=\u00a0\u00bbdefault\u00a0\u00bb][et_pb_text _builder_version=\u00a0\u00bb4.7.3&Prime; _module_preset=\u00a0\u00bbdefault\u00a0\u00bb hover_enabled=\u00a0\u00bb0&Prime; sticky_enabled=\u00a0\u00bb0&Prime; text_font_size=\u00a0\u00bb15px\u00a0\u00bb]<\/p>\n<p>Vous pouvez aussi envoyer ce formulaire :<\/p>\n<p>[\/et_pb_text][et_pb_contact_form captcha=\u00a0\u00bboff\u00a0\u00bb email=\u00a0\u00bbvilla.tarrazza@gmail.com\u00a0\u00bb custom_message=\u00a0\u00bbmail envoy\u00e9 par %%Name%%, email %%Email%%||et_pb_line_break_holder||Nb de vacanciers : %%Nb_vacanciers%%||et_pb_line_break_holder||Message :||et_pb_line_break_holder||%%Message%%\u00a0\u00bb success_message=\u00a0\u00bbMerci pour votre message. Nous y r\u00e9pondrons au plus vite. A tr\u00e8s bient\u00f4t !\u00a0\u00bb _builder_version=\u00a0\u00bb4.7.2&Prime; _module_preset=\u00a0\u00bbdefault\u00a0\u00bb][et_pb_contact_field field_id=\u00a0\u00bbName\u00a0\u00bb field_title=\u00a0\u00bbPr\u00e9nom Nom\u00a0\u00bb _builder_version=\u00a0\u00bb4.7.2&Prime; button_text_size__hover_enabled=\u00a0\u00bboff\u00a0\u00bb button_one_text_size__hover_enabled=\u00a0\u00bboff\u00a0\u00bb button_two_text_size__hover_enabled=\u00a0\u00bboff\u00a0\u00bb button_text_color__hover_enabled=\u00a0\u00bboff\u00a0\u00bb button_one_text_color__hover_enabled=\u00a0\u00bboff\u00a0\u00bb button_two_text_color__hover_enabled=\u00a0\u00bboff\u00a0\u00bb button_border_width__hover_enabled=\u00a0\u00bboff\u00a0\u00bb button_one_border_width__hover_enabled=\u00a0\u00bboff\u00a0\u00bb button_two_border_width__hover_enabled=\u00a0\u00bboff\u00a0\u00bb button_border_color__hover_enabled=\u00a0\u00bboff\u00a0\u00bb button_one_border_color__hover_enabled=\u00a0\u00bboff\u00a0\u00bb button_two_border_color__hover_enabled=\u00a0\u00bboff\u00a0\u00bb button_border_radius__hover_enabled=\u00a0\u00bboff\u00a0\u00bb button_one_border_radius__hover_enabled=\u00a0\u00bboff\u00a0\u00bb button_two_border_radius__hover_enabled=\u00a0\u00bboff\u00a0\u00bb button_letter_spacing__hover_enabled=\u00a0\u00bboff\u00a0\u00bb button_one_letter_spacing__hover_enabled=\u00a0\u00bboff\u00a0\u00bb button_two_letter_spacing__hover_enabled=\u00a0\u00bboff\u00a0\u00bb button_bg_color__hover_enabled=\u00a0\u00bboff\u00a0\u00bb button_one_bg_color__hover_enabled=\u00a0\u00bboff\u00a0\u00bb button_two_bg_color__hover_enabled=\u00a0\u00bboff\u00a0\u00bb][\/et_pb_contact_field][et_pb_contact_field field_id=\u00a0\u00bbNb_vacanciers\u00a0\u00bb field_title=\u00a0\u00bbNombre de vacanciers\u00a0\u00bb required_mark=\u00a0\u00bboff\u00a0\u00bb _builder_version=\u00a0\u00bb4.7.2&Prime; _module_preset=\u00a0\u00bbdefault\u00a0\u00bb][\/et_pb_contact_field][et_pb_contact_field field_id=\u00a0\u00bbEmail\u00a0\u00bb field_title=\u00a0\u00bbAdresse e-mail\u00a0\u00bb field_type=\u00a0\u00bbemail\u00a0\u00bb fullwidth_field=\u00a0\u00bbon\u00a0\u00bb _builder_version=\u00a0\u00bb4.7.2&Prime; button_text_size__hover_enabled=\u00a0\u00bboff\u00a0\u00bb button_one_text_size__hover_enabled=\u00a0\u00bboff\u00a0\u00bb button_two_text_size__hover_enabled=\u00a0\u00bboff\u00a0\u00bb button_text_color__hover_enabled=\u00a0\u00bboff\u00a0\u00bb button_one_text_color__hover_enabled=\u00a0\u00bboff\u00a0\u00bb button_two_text_color__hover_enabled=\u00a0\u00bboff\u00a0\u00bb button_border_width__hover_enabled=\u00a0\u00bboff\u00a0\u00bb button_one_border_width__hover_enabled=\u00a0\u00bboff\u00a0\u00bb button_two_border_width__hover_enabled=\u00a0\u00bboff\u00a0\u00bb button_border_color__hover_enabled=\u00a0\u00bboff\u00a0\u00bb button_one_border_color__hover_enabled=\u00a0\u00bboff\u00a0\u00bb button_two_border_color__hover_enabled=\u00a0\u00bboff\u00a0\u00bb button_border_radius__hover_enabled=\u00a0\u00bboff\u00a0\u00bb button_one_border_radius__hover_enabled=\u00a0\u00bboff\u00a0\u00bb button_two_border_radius__hover_enabled=\u00a0\u00bboff\u00a0\u00bb button_letter_spacing__hover_enabled=\u00a0\u00bboff\u00a0\u00bb button_one_letter_spacing__hover_enabled=\u00a0\u00bboff\u00a0\u00bb button_two_letter_spacing__hover_enabled=\u00a0\u00bboff\u00a0\u00bb button_bg_color__hover_enabled=\u00a0\u00bboff\u00a0\u00bb button_one_bg_color__hover_enabled=\u00a0\u00bboff\u00a0\u00bb button_two_bg_color__hover_enabled=\u00a0\u00bboff\u00a0\u00bb][\/et_pb_contact_field][et_pb_contact_field field_id=\u00a0\u00bbMessage\u00a0\u00bb field_title=\u00a0\u00bbMessage\u00a0\u00bb field_type=\u00a0\u00bbtext\u00a0\u00bb fullwidth_field=\u00a0\u00bbon\u00a0\u00bb _builder_version=\u00a0\u00bb3.16&Prime; button_text_size__hover_enabled=\u00a0\u00bboff\u00a0\u00bb button_one_text_size__hover_enabled=\u00a0\u00bboff\u00a0\u00bb button_two_text_size__hover_enabled=\u00a0\u00bboff\u00a0\u00bb button_text_color__hover_enabled=\u00a0\u00bboff\u00a0\u00bb button_one_text_color__hover_enabled=\u00a0\u00bboff\u00a0\u00bb button_two_text_color__hover_enabled=\u00a0\u00bboff\u00a0\u00bb button_border_width__hover_enabled=\u00a0\u00bboff\u00a0\u00bb button_one_border_width__hover_enabled=\u00a0\u00bboff\u00a0\u00bb button_two_border_width__hover_enabled=\u00a0\u00bboff\u00a0\u00bb button_border_color__hover_enabled=\u00a0\u00bboff\u00a0\u00bb button_one_border_color__hover_enabled=\u00a0\u00bboff\u00a0\u00bb button_two_border_color__hover_enabled=\u00a0\u00bboff\u00a0\u00bb button_border_radius__hover_enabled=\u00a0\u00bboff\u00a0\u00bb button_one_border_radius__hover_enabled=\u00a0\u00bboff\u00a0\u00bb button_two_border_radius__hover_enabled=\u00a0\u00bboff\u00a0\u00bb button_letter_spacing__hover_enabled=\u00a0\u00bboff\u00a0\u00bb button_one_letter_spacing__hover_enabled=\u00a0\u00bboff\u00a0\u00bb button_two_letter_spacing__hover_enabled=\u00a0\u00bboff\u00a0\u00bb button_bg_color__hover_enabled=\u00a0\u00bboff\u00a0\u00bb button_one_bg_color__hover_enabled=\u00a0\u00bboff\u00a0\u00bb button_two_bg_color__hover_enabled=\u00a0\u00bboff\u00a0\u00bb][\/et_pb_contact_field][\/et_pb_contact_form][\/et_pb_column][\/et_pb_row][\/et_pb_section]<\/p>\n","protected":false},"excerpt":{"rendered":"<p>[et_pb_section fb_built=\u00a0\u00bb1&Prime; _builder_version=\u00a0\u00bb4.7.2&Prime; _module_preset=\u00a0\u00bbdefault\u00a0\u00bb][et_pb_row use_custom_gutter=\u00a0\u00bbon\u00a0\u00bb _builder_version=\u00a0\u00bb4.7.2&Prime; _module_preset=\u00a0\u00bbdefault\u00a0\u00bb background_image=\u00a0\u00bbhttp:\/\/locationcorsevillatarrazza.com\/wp-content\/uploads\/2020\/11\/terrasse-scaled.jpg\u00a0\u00bb custom_margin=\u00a0\u00bb-36px|auto|4px|auto|false|false\u00a0\u00bb custom_padding=\u00a0\u00bb||15px|||\u00a0\u00bb][et_pb_column type=\u00a0\u00bb4_4&Prime; _builder_version=\u00a0\u00bb4.7.2&Prime; _module_preset=\u00a0\u00bbdefault\u00a0\u00bb custom_padding=\u00a0\u00bb||120px||false|false\u00a0\u00bb][et_pb_text _builder_version=\u00a0\u00bb4.7.2&Prime; _module_preset=\u00a0\u00bbdefault\u00a0\u00bb text_font_size=\u00a0\u00bb18px\u00a0\u00bb min_height=\u00a0\u00bb53px\u00a0\u00bb custom_padding=\u00a0\u00bb||0px|||\u00a0\u00bb] Besoin d&rsquo;un renseignement ?\u00a0Envie de r\u00e9server ? Contactez-nous ! [\/et_pb_text][et_pb_text _builder_version=\u00a0\u00bb4.7.3&Prime; _module_preset=\u00a0\u00bbdefault\u00a0\u00bb hover_enabled=\u00a0\u00bb0&Prime; sticky_enabled=\u00a0\u00bb0&Prime; text_text_color=\u00a0\u00bb#ffffff\u00a0\u00bb text_font_size=\u00a0\u00bb32px\u00a0\u00bb custom_margin=\u00a0\u00bb8%||||false|false\u00a0\u00bb] villa.tarrazza@gmail.com [\/et_pb_text][\/et_pb_column][\/et_pb_row][et_pb_row _builder_version=\u00a0\u00bb4.7.2&Prime; _module_preset=\u00a0\u00bbdefault\u00a0\u00bb min_height=\u00a0\u00bb375px\u00a0\u00bb][et_pb_column type=\u00a0\u00bb4_4&Prime; _builder_version=\u00a0\u00bb4.7.2&Prime; _module_preset=\u00a0\u00bbdefault\u00a0\u00bb][et_pb_text _builder_version=\u00a0\u00bb4.7.3&Prime; _module_preset=\u00a0\u00bbdefault\u00a0\u00bb hover_enabled=\u00a0\u00bb0&Prime; sticky_enabled=\u00a0\u00bb0&Prime; text_font_size=\u00a0\u00bb15px\u00a0\u00bb] Vous pouvez aussi envoyer ce formulaire [&hellip;]<\/p>\n","protected":false},"author":1,"featured_media":0,"parent":0,"menu_order":0,"comment_status":"closed","ping_status":"closed","template":"","meta":{"_et_pb_use_builder":"on","_et_pb_old_content":"","_et_gb_content_width":""},"yoast_head":"<!-- This site is optimized with the Yoast SEO plugin v15.5 - https:\/\/yoast.com\/wordpress\/plugins\/seo\/ -->\n<title>Location en Corse Villa TARRAZZA - Vue mer et piscine privative chauff\u00e9e<\/title>\n<meta name=\"description\" content=\"Cadre exceptionnel, spacieuse villa comprenant de nombreuses chambres et salles de bain, de vastes espaces communs, une piscine privative chauff\u00e9e =&gt; pour des vacances inoubliables !\" \/>\n<meta name=\"robots\" content=\"index, follow, max-snippet:-1, max-image-preview:large, max-video-preview:-1\" \/>\n<link rel=\"canonical\" href=\"https:\/\/locationcorsevillatarrazza.com\/index.php\/nous-contacter\/\" \/>\n<meta property=\"og:locale\" content=\"fr_FR\" \/>\n<meta property=\"og:type\" content=\"article\" \/>\n<meta property=\"og:title\" content=\"Location en Corse Villa TARRAZZA - Vue mer et piscine privative chauff\u00e9e\" \/>\n<meta property=\"og:description\" content=\"Cadre exceptionnel, spacieuse villa comprenant de nombreuses chambres et salles de bain, de vastes espaces communs, une piscine privative chauff\u00e9e =&gt; pour des vacances inoubliables !\" \/>\n<meta property=\"og:url\" content=\"https:\/\/locationcorsevillatarrazza.com\/index.php\/nous-contacter\/\" \/>\n<meta property=\"og:site_name\" content=\"Location en Corse Villa TARRAZZA\" \/>\n<meta property=\"article:modified_time\" content=\"2020-11-27T14:55:11+00:00\" \/>\n<meta name=\"twitter:card\" content=\"summary_large_image\" \/>\n<meta name=\"twitter:label1\" content=\"Dur\u00e9e de lecture est.\">\n\t<meta name=\"twitter:data1\" content=\"3 minutes\">\n<script type=\"application\/ld+json\" class=\"yoast-schema-graph\">{\"@context\":\"https:\/\/schema.org\",\"@graph\":[{\"@type\":[\"Person\",\"Organization\"],\"@id\":\"https:\/\/locationcorsevillatarrazza.com\/#\/schema\/person\/fc4be728128417204bff67b1696c323d\",\"name\":\"admin7927\",\"image\":{\"@type\":\"ImageObject\",\"@id\":\"https:\/\/locationcorsevillatarrazza.com\/#personlogo\",\"inLanguage\":\"fr-FR\",\"url\":\"https:\/\/secure.gravatar.com\/avatar\/6e7fb79e5960cb6c9e6e528c5819aa46?s=96&d=mm&r=g\",\"caption\":\"admin7927\"},\"logo\":{\"@id\":\"https:\/\/locationcorsevillatarrazza.com\/#personlogo\"},\"sameAs\":[\"http:\/\/locationcorsevillatarrazza.com\"]},{\"@type\":\"WebSite\",\"@id\":\"https:\/\/locationcorsevillatarrazza.com\/#website\",\"url\":\"https:\/\/locationcorsevillatarrazza.com\/\",\"name\":\"Location en Corse Villa TARRAZZA\",\"description\":\"8 \\u00e0 12 personnes vue mer &amp; piscine privative chauff\\u00e9e\",\"publisher\":{\"@id\":\"https:\/\/locationcorsevillatarrazza.com\/#\/schema\/person\/fc4be728128417204bff67b1696c323d\"},\"potentialAction\":[{\"@type\":\"SearchAction\",\"target\":\"https:\/\/locationcorsevillatarrazza.com\/?s={search_term_string}\",\"query-input\":\"required name=search_term_string\"}],\"inLanguage\":\"fr-FR\"},{\"@type\":\"WebPage\",\"@id\":\"https:\/\/locationcorsevillatarrazza.com\/index.php\/nous-contacter\/#webpage\",\"url\":\"https:\/\/locationcorsevillatarrazza.com\/index.php\/nous-contacter\/\",\"name\":\"Location en Corse Villa TARRAZZA - Vue mer et piscine privative chauff\\u00e9e\",\"isPartOf\":{\"@id\":\"https:\/\/locationcorsevillatarrazza.com\/#website\"},\"datePublished\":\"2020-11-19T15:56:35+00:00\",\"dateModified\":\"2020-11-27T14:55:11+00:00\",\"description\":\"Cadre exceptionnel, spacieuse villa comprenant de nombreuses chambres et salles de bain, de vastes espaces communs, une piscine privative chauff\\u00e9e => pour des vacances inoubliables !\",\"inLanguage\":\"fr-FR\",\"potentialAction\":[{\"@type\":\"ReadAction\",\"target\":[\"https:\/\/locationcorsevillatarrazza.com\/index.php\/nous-contacter\/\"]}]}]}<\/script>\n<!-- \/ Yoast SEO plugin. -->","_links":{"self":[{"href":"https:\/\/locationcorsevillatarrazza.com\/index.php\/wp-json\/wp\/v2\/pages\/439"}],"collection":[{"href":"https:\/\/locationcorsevillatarrazza.com\/index.php\/wp-json\/wp\/v2\/pages"}],"about":[{"href":"https:\/\/locationcorsevillatarrazza.com\/index.php\/wp-json\/wp\/v2\/types\/page"}],"author":[{"embeddable":true,"href":"https:\/\/locationcorsevillatarrazza.com\/index.php\/wp-json\/wp\/v2\/users\/1"}],"replies":[{"embeddable":true,"href":"https:\/\/locationcorsevillatarrazza.com\/index.php\/wp-json\/wp\/v2\/comments?post=439"}],"version-history":[{"count":14,"href":"https:\/\/locationcorsevillatarrazza.com\/index.php\/wp-json\/wp\/v2\/pages\/439\/revisions"}],"predecessor-version":[{"id":1000,"href":"https:\/\/locationcorsevillatarrazza.com\/index.php\/wp-json\/wp\/v2\/pages\/439\/revisions\/1000"}],"wp:attachment":[{"href":"https:\/\/locationcorsevillatarrazza.com\/index.php\/wp-json\/wp\/v2\/media?parent=439"}],"curies":[{"name":"wp","href":"https:\/\/api.w.org\/{rel}","templated":true}]}}